{"id":29,"date":"2016-03-01T11:32:57","date_gmt":"2016-03-01T09:32:57","guid":{"rendered":"http:\/\/www.brisbane.sk\/?page_id=29"},"modified":"2021-01-30T12:51:52","modified_gmt":"2021-01-30T10:51:52","slug":"kontakt","status":"publish","type":"page","link":"https:\/\/www.brisbane.sk\/?page_id=29","title":{"rendered":"Kontakt"},"content":{"rendered":"<h4><\/h4>\n<p>&nbsp;<\/p>\n<h3>Brisbane, s.r.o.<\/h3>\n<p>&nbsp;<\/p>\n<table border=\"0\">\n<tbody>\n<tr>\n<td>N\u00e1jdete n\u00e1s:<\/td>\n<td>N\u00e1mestie Jozefa Herdu 1,<br \/>\n91701 Trnava<\/td>\n<\/tr>\n<tr>\n<td><\/td>\n<td><\/td>\n<\/tr>\n<tr>\n<td>\n<h5>Kontaktn\u00e1 osoba:<\/h5>\n<p>e-mail:<\/p>\n<p>Tel.:<\/p>\n<p>Mob.:<\/td>\n<td>\n<h5>Ing. Roman \u0160TEFKOVI\u010c<\/h5>\n<p>roman.stefkovic@brisbane.sk<\/p>\n<p>00421 33 559 2001<\/p>\n<p>00421 911 329 430<\/td>\n<\/tr>\n<tr>\n<td><\/td>\n<td><\/td>\n<\/tr>\n<tr>\n<td colspan=\"2\"><strong>Inform\u00e1cie o spolo\u010dnosti: <\/strong><\/p>\n<p>Brisbane s.r.o.<\/p>\n<p>Pavla Mudro\u0148a 24<\/p>\n<p>917 01 Trnava<\/p>\n<p>I\u010cO: 50 055\u00a0801<\/p>\n<p>I\u010c DPH: SK2120162220<\/p>\n<p><span lang=\"EN-AU\">Spolo\u010dnos\u0165 je registrovan\u00e1 na Okresnom s\u00fade v Trnave, odd. Sro, vl.\u010d. 36663\/T<\/span><\/td>\n<\/tr>\n<\/tbody>\n<\/table>\n<p>&nbsp;<\/p>\n","protected":false},"excerpt":{"rendered":"<p>&nbsp; Brisbane, s.r.o. &nbsp; N\u00e1jdete n\u00e1s: N\u00e1mestie Jozefa Herdu 1, 91701 Trnava Kontaktn\u00e1 osoba: e-mail: Tel.: Mob.: Ing. Roman \u0160TEFKOVI\u010c roman.stefkovic@brisbane.sk 00421 33 559 2001 00421 911 329 430 Inform\u00e1cie o spolo\u010dnosti: Brisbane s.r.o. Pavla Mudro\u0148a 24 917 01 Trnava I\u010cO: 50 055\u00a0801 I\u010c DPH: SK2120162220 Spolo\u010dnos\u0165 je registrovan\u00e1 na&hellip;<\/p>\n<p class=\"more-link-wrapper\"><a class=\"more-link\" href=\"https:\/\/www.brisbane.sk\/?page_id=29\">Continue<\/a><\/p>\n","protected":false},"author":1,"featured_media":0,"parent":0,"menu_order":0,"comment_status":"closed","ping_status":"closed","template":"page-templates\/landing-info.php","meta":{"footnotes":""},"class_list":["post-29","page","type-page","status-publish","hentry"],"_links":{"self":[{"href":"https:\/\/www.brisbane.sk\/index.php?rest_route=\/wp\/v2\/pages\/29","targetHints":{"allow":["GET"]}}],"collection":[{"href":"https:\/\/www.brisbane.sk\/index.php?rest_route=\/wp\/v2\/pages"}],"about":[{"href":"https:\/\/www.brisbane.sk\/index.php?rest_route=\/wp\/v2\/types\/page"}],"author":[{"embeddable":true,"href":"https:\/\/www.brisbane.sk\/index.php?rest_route=\/wp\/v2\/users\/1"}],"replies":[{"embeddable":true,"href":"https:\/\/www.brisbane.sk\/index.php?rest_route=%2Fwp%2Fv2%2Fcomments&post=29"}],"version-history":[{"count":24,"href":"https:\/\/www.brisbane.sk\/index.php?rest_route=\/wp\/v2\/pages\/29\/revisions"}],"predecessor-version":[{"id":577,"href":"https:\/\/www.brisbane.sk\/index.php?rest_route=\/wp\/v2\/pages\/29\/revisions\/577"}],"wp:attachment":[{"href":"https:\/\/www.brisbane.sk\/index.php?rest_route=%2Fwp%2Fv2%2Fmedia&parent=29"}],"curies":[{"name":"wp","href":"https:\/\/api.w.org\/{rel}","templated":true}]}}