{"id":25,"date":"2016-03-01T11:22:55","date_gmt":"2016-03-01T09:22:55","guid":{"rendered":"http:\/\/www.brisbane.sk\/?page_id=25"},"modified":"2021-01-30T12:51:16","modified_gmt":"2021-01-30T10:51:16","slug":"referencie","status":"publish","type":"page","link":"https:\/\/www.brisbane.sk\/?page_id=25","title":{"rendered":"Referencie"},"content":{"rendered":"<blockquote>\n<p style=\"text-align: center;\">Symphony, Amsterdam, Holandsko, 2007<\/p>\n<\/blockquote>\n<p>&nbsp;<\/p>\n<table border=\"0\">\n<tbody>\n<tr>\n<td rowspan=\"5\"><img loading=\"lazy\" decoding=\"async\" class=\"size-medium wp-image-4 alignleft\" src=\"http:\/\/www.brisbane.sk\/wp-content\/uploads\/2016\/02\/Symphony-200x300.jpg\" alt=\"Symphony\" width=\"200\" height=\"300\" \/><\/td>\n<td>N\u00e1zov stavby:<\/td>\n<td>Amsterdam Symphony<\/td>\n<\/tr>\n<tr>\n<td>Popis stavby:<\/td>\n<td>V\u00fd\u0161kov\u00e1 30-podla\u017en\u00e1 obytn\u00e1 budova v celkovom polyfunk\u010dnom komplexe s celkovou v\u00fd\u0161kou 104,5 m.<\/td>\n<\/tr>\n<tr>\n<td>Z\u00e1kladn\u00e9 \u00fadaje:<\/td>\n<td>Zastavan\u00e1 plocha:586 m2<\/td>\n<\/tr>\n<tr>\n<td>Projektovanie:<\/td>\n<td>Stavebn\u00e9 \u2013 mont\u00e1\u017ene rie\u0161enie, 3D-model, rie\u0161enie statiky, statick\u00fd v\u00fdpo\u010det, vypracovanie v\u00fdrobnej dokument\u00e1cie<\/td>\n<\/tr>\n<tr>\n<td>Rozsah dokument\u00e1cie:<\/td>\n<td>3D model, rie\u0161enie kon\u0161truk\u010dn\u00fdch detailov, projektov\u00e1 dokument\u00e1cia pre mont\u00e1\u017e elementov, v\u00fdrobn\u00e1 dokument\u00e1cia.<\/td>\n<\/tr>\n<\/tbody>\n<\/table>\n<p>&nbsp;<\/p>\n<blockquote>\n<p style=\"text-align: center;\">JUST PLAY, Bratislava, SK<\/p>\n<\/blockquote>\n<p>&nbsp;<\/p>\n<table style=\"height: 458px;\" border=\"0\" width=\"845\">\n<tbody>\n<tr>\n<td>N\u00e1zov stavby:<\/td>\n<td>Ve\u013ekoobchodn\u00e9 stredisko JUST PLAY, Bratislava, Slovensk\u00e1 republika<\/td>\n<td rowspan=\"6\"><img loading=\"lazy\" decoding=\"async\" class=\"alignnone wp-image-4\" src=\"http:\/\/www.brisbane.sk\/wp-content\/uploads\/2016\/02\/Just-Play-1-e1456820733637.jpg\" alt=\"Symphony\" width=\"286\" height=\"199\" \/><\/td>\n<\/tr>\n<tr>\n<td>Investor:<\/td>\n<td>J. P., s.r.o.<br \/>\nBest All, s.r.o.<\/td>\n<\/tr>\n<tr>\n<td>Popis stavby:<\/td>\n<td>Ve\u013ekoobchodn\u00e9 stredisko je komplexom \u0161tyroch trojpodla\u017en\u00fdch skladovac\u00edch a distribu\u010dn\u00fdch h\u00e1l a dvoch p\u00e4\u0165podla\u017en\u00fdch administrat\u00edvnych budov.<\/td>\n<\/tr>\n<tr>\n<td>Z\u00e1kladn\u00e9 \u00fadaje:<\/td>\n<td>Zastavan\u00e1 plocha: 11 270 m2<br \/>\nObostavan\u00fd priestor: 236 161 m3<br \/>\nObjem bet\u00f3nov\u00fdch kon\u0161trukci\u00ed: 17 470 m3<\/td>\n<\/tr>\n<tr>\n<td>Projektovanie:<\/td>\n<td>Rie\u0161enie statiky, statick\u00fd v\u00fdpo\u010det, autorsk\u00fd dozor<\/td>\n<\/tr>\n<tr>\n<td>Rozsah dokument\u00e1cie:<\/td>\n<td>Projekt pre \u00fazemn\u00e9 rozhodnutie 10\/2007<br \/>\nProjekt pre stavebn\u00e9 povolenie 03\/2008<br \/>\nRealiza\u010dn\u00fd projekt 10\/2007 \u2013 03\/2008<\/td>\n<\/tr>\n<\/tbody>\n<\/table>\n<p>&nbsp;<\/p>\n<blockquote>\n<p style=\"text-align: center;\">SHARQ 3rd Expension Project Polyethylene Plant, Jubail, Sausk\u00e1 Ar\u00e1bia<\/p>\n<\/blockquote>\n<p>&nbsp;<\/p>\n<table style=\"height: 263px;\" border=\"0\" width=\"875\">\n<tbody>\n<tr>\n<td rowspan=\"5\"><img loading=\"lazy\" decoding=\"async\" class=\"size-medium wp-image-4 alignleft\" src=\"http:\/\/www.brisbane.sk\/wp-content\/uploads\/2016\/01\/1-225x300.jpg\" alt=\"\" width=\"225\" height=\"300\" \/><\/td>\n<td>N\u00e1zov stavby:<\/td>\n<td>SHARQ 3rd Expension Project Polyethylene Plant, Jubail, Sausk\u00e1 Ar\u00e1bia<\/td>\n<\/tr>\n<tr>\n<td>Popis stavby:<\/td>\n<td>Priemyseln\u00fd objekt s\u00a0celkovou v\u00fd\u0161kou 98,45 m v\u00a0r\u00e1mci petrochemick\u00e9ho kombin\u00e1rtu \u2013 objekt SK 2101 \u2013 Pellting 3 PE Structure a SK 2201 \u2013 Pelleting 4 PE Structure<\/td>\n<\/tr>\n<tr>\n<td>Investor:<\/td>\n<td>Linde KCA Dresden pre Eastern Petrochemical Company (Sharq)<\/td>\n<\/tr>\n<tr>\n<td>Projektovanie:<\/td>\n<td>3D model, statick\u00fd v\u00fdpo\u010det oce\u013eovej kon\u0161trukcie ve\u017ee v\u00fd\u0161ky 98,45 m<\/td>\n<\/tr>\n<\/tbody>\n<\/table>\n<p>&nbsp;<\/p>\n<blockquote>\n<p style=\"text-align: center;\">Rekon\u0161trukcia chaty Harm\u00f3nia v Modre, SK<\/p>\n<\/blockquote>\n<p>&nbsp;<\/p>\n<table style=\"height: 359px;\" border=\"0\" width=\"845\">\n<tbody>\n<tr>\n<td>N\u00e1zov stavby:<\/td>\n<td>Rekon\u0161trukcia chaty Harm\u00f3nia v\u00a0Modre<\/td>\n<td rowspan=\"6\"><img loading=\"lazy\" decoding=\"async\" class=\"alignnone wp-image-141 size-medium\" src=\"http:\/\/www.brisbane.sk\/wp-content\/uploads\/2016\/01\/2-300x221.jpg\" alt=\"\" width=\"300\" height=\"221\" srcset=\"https:\/\/www.brisbane.sk\/wp-content\/uploads\/2016\/01\/2-300x221.jpg 300w, https:\/\/www.brisbane.sk\/wp-content\/uploads\/2016\/01\/2-768x567.jpg 768w, https:\/\/www.brisbane.sk\/wp-content\/uploads\/2016\/01\/2-1024x756.jpg 1024w, https:\/\/www.brisbane.sk\/wp-content\/uploads\/2016\/01\/2.jpg 1387w\" sizes=\"auto, (max-width: 300px) 100vw, 300px\" \/><\/td>\n<\/tr>\n<tr>\n<td>Popis stavby:<\/td>\n<td>3 podla\u017ena chata zrekon\u0161truovan\u00e1 a\u00a0roz\u0161\u00edren\u00e1 o\u00a0pr\u00edstavbu p\u00f4dorysn\u00fdch rozmerov 25,6 m x 9,2 m<\/td>\n<\/tr>\n<tr>\n<td>Z\u00e1kladn\u00e9 \u00fadaje:<\/td>\n<td>Zastavan\u00e1 plocha:522 m2<\/td>\n<\/tr>\n<tr>\n<td>Projektovanie:<\/td>\n<td>Stavebn\u00e9 \u2013 mont\u00e1\u017ene rie\u0161enie, rie\u0161enie statiky, statick\u00fd v\u00fdpo\u010det, vypracovanie realiza\u010dnej dokument\u00e1cie, autorsk\u00fd dozor<\/td>\n<\/tr>\n<tr>\n<td>Rozsah dokument\u00e1cie:<\/td>\n<td>rie\u0161enie kon\u0161truk\u010dn\u00fdch detailov, projektov\u00e1 dokument\u00e1cia pre realiz\u00e1ciu stavby.<\/td>\n<\/tr>\n<\/tbody>\n<\/table>\n<p>&nbsp;<\/p>\n<blockquote>\n<p style=\"text-align: center;\">Nadzemn\u00e1 kontajnerov\u00e1 \u010derpacia stanica TIR Petroleum, Trnava<\/p>\n<\/blockquote>\n<p>&nbsp;<\/p>\n<table style=\"height: 305px;\" border=\"0\" width=\"843\">\n<tbody>\n<tr>\n<td rowspan=\"5\"><img loading=\"lazy\" decoding=\"async\" class=\"alignnone size-medium wp-image-159\" src=\"http:\/\/www.brisbane.sk\/wp-content\/uploads\/2016\/01\/FFF-300x225.jpg\" alt=\"FFF\" width=\"300\" height=\"225\" srcset=\"https:\/\/www.brisbane.sk\/wp-content\/uploads\/2016\/01\/FFF-300x225.jpg 300w, https:\/\/www.brisbane.sk\/wp-content\/uploads\/2016\/01\/FFF.jpg 640w\" sizes=\"auto, (max-width: 300px) 100vw, 300px\" \/><\/td>\n<td>N\u00e1zov stavby:<\/td>\n<td>Nadzemn\u00e1 kontajnerov\u00e1 \u010derpacia stanica TIR Petroleum ul. Andrea Kme\u0165a, Trnava<\/td>\n<\/tr>\n<tr>\n<td>Popis stavby:<\/td>\n<td>Oce\u013eov\u00e1 kon\u0161trukcia prestre\u0161enia \u010derpacej stanice a\u00a0obslu\u017en\u00e9ho konajneru.<\/td>\n<\/tr>\n<tr>\n<td>Z\u00e1kladn\u00e9 \u00fadaje:<\/td>\n<td>Hmotnos\u0165 oce\u013eovej kon\u0161trukcie 15,5 t<\/td>\n<\/tr>\n<tr>\n<td>Projektovanie:<\/td>\n<td>Stavebn\u00e9 \u2013 mont\u00e1\u017ene rie\u0161enie, rie\u0161enie statiky, statick\u00fd v\u00fdpo\u010det, vypracovanie dokument\u00e1cie pre stavebn\u00e9 konanie<\/td>\n<\/tr>\n<tr>\n<td>Rozsah dokument\u00e1cie:<\/td>\n<td>rie\u0161enie kon\u0161truk\u010dn\u00fdch detailov, projektov\u00e1 dokument\u00e1cia pre stavebn\u00e9 konanie<\/td>\n<\/tr>\n<\/tbody>\n<\/table>\n<p>&nbsp;<\/p>\n<p>&nbsp;<\/p>\n","protected":false},"excerpt":{"rendered":"<p>Symphony, Amsterdam, Holandsko, 2007 &nbsp; N\u00e1zov stavby: Amsterdam Symphony Popis stavby: V\u00fd\u0161kov\u00e1 30-podla\u017en\u00e1 obytn\u00e1 budova v celkovom polyfunk\u010dnom komplexe s celkovou v\u00fd\u0161kou 104,5 m. Z\u00e1kladn\u00e9 \u00fadaje: Zastavan\u00e1 plocha:586 m2 Projektovanie: Stavebn\u00e9 \u2013 mont\u00e1\u017ene rie\u0161enie, 3D-model, rie\u0161enie statiky, statick\u00fd v\u00fdpo\u010det, vypracovanie v\u00fdrobnej dokument\u00e1cie Rozsah dokument\u00e1cie: 3D model, rie\u0161enie kon\u0161truk\u010dn\u00fdch detailov, projektov\u00e1&hellip;<\/p>\n<p class=\"more-link-wrapper\"><a class=\"more-link\" href=\"https:\/\/www.brisbane.sk\/?page_id=25\">Continue<\/a><\/p>\n","protected":false},"author":1,"featured_media":0,"parent":0,"menu_order":0,"comment_status":"closed","ping_status":"closed","template":"page-templates\/template-fullwidth.php","meta":{"footnotes":""},"class_list":["post-25","page","type-page","status-publish","hentry"],"_links":{"self":[{"href":"https:\/\/www.brisbane.sk\/index.php?rest_route=\/wp\/v2\/pages\/25","targetHints":{"allow":["GET"]}}],"collection":[{"href":"https:\/\/www.brisbane.sk\/index.php?rest_route=\/wp\/v2\/pages"}],"about":[{"href":"https:\/\/www.brisbane.sk\/index.php?rest_route=\/wp\/v2\/types\/page"}],"author":[{"embeddable":true,"href":"https:\/\/www.brisbane.sk\/index.php?rest_route=\/wp\/v2\/users\/1"}],"replies":[{"embeddable":true,"href":"https:\/\/www.brisbane.sk\/index.php?rest_route=%2Fwp%2Fv2%2Fcomments&post=25"}],"version-history":[{"count":51,"href":"https:\/\/www.brisbane.sk\/index.php?rest_route=\/wp\/v2\/pages\/25\/revisions"}],"predecessor-version":[{"id":576,"href":"https:\/\/www.brisbane.sk\/index.php?rest_route=\/wp\/v2\/pages\/25\/revisions\/576"}],"wp:attachment":[{"href":"https:\/\/www.brisbane.sk\/index.php?rest_route=%2Fwp%2Fv2%2Fmedia&parent=25"}],"curies":[{"name":"wp","href":"https:\/\/api.w.org\/{rel}","templated":true}]}}