{"id":11,"date":"2016-02-29T21:55:32","date_gmt":"2016-02-29T19:55:32","guid":{"rendered":"http:\/\/www.brisbane.sk\/?page_id=11"},"modified":"2021-01-30T12:50:36","modified_gmt":"2021-01-30T10:50:36","slug":"o-nas","status":"publish","type":"page","link":"https:\/\/www.brisbane.sk\/?page_id=11","title":{"rendered":"O n\u00e1s"},"content":{"rendered":"<p>&nbsp;<\/p>\n<p style=\"text-align: justify;\">Brisbane je projektovo-in\u017einierska kancel\u00e1ria. \u0160pecializujeme sa na projektovanie statiky stavieb a podpern\u00fdch kon\u0161trukci\u00ed pre technologick\u00e9 zariadenia a rozvody. Poskytujeme aj in\u017einierske slu\u017eby, poradenstvo ako aj optimaliz\u00e1ciu hotov\u00fdch projektov.<\/p>\n<p>&nbsp;<\/p>\n<h4 style=\"text-align: center;\">Projektovanie priemyseln\u00fdch a ob\u010dianskych stavieb<\/h4>\n<blockquote>\n<p style=\"text-align: justify;\">Projektovanie stavieb a ich statika je na\u0161im hlavn\u00fdm zameran\u00edm. Pre na\u0161e realizovan\u00e9 projekty a statick\u00e9 v\u00fdpo\u010dty vyu\u017e\u00edvame najmodernej\u0161ie programy v\u010faka ktor\u00fdm m\u00e1me mo\u017enos\u0165 zobrazenia 3D modelu a vytvorenie kvalitnej projektovej dokument\u00e1cie pod\u013ea po\u017eadovan\u00fdch noriem. Zameriavame sa najm\u00e4 na v\u00fdrobn\u00e9 are\u00e1ly, haly, sklady a logistick\u00e9 centr\u00e1 a technologick\u00e9 kon\u0161trukcie. Ka\u017ed\u00e9 projektovanie stavby z\u00e1vis\u00ed od potrieb a z\u00e1ujmov zad\u00e1vate\u013ea. V\u0161eobecne v\u0161ak vypracov\u00e1vame projekt pre stavebn\u00e9 povolenie (PSP), realiza\u010dn\u00fd projekt (RP) a v\u00fdrobn\u00fa dokument\u00e1ciu oce\u013eov\u00fdch a prefabet\u00f3nov\u00fdch kon\u0161trukci\u00ed (VD). \u0160pecializujeme sa najm\u00e4 na statiku a statick\u00e9 v\u00fdpo\u010dty, pri ktor\u00fdch vyu\u017e\u00edvame programy SCIA, IDEA, FINE pod\u013ea noriem STN, EUROCODE, pr\u00edpadne na po\u017eiadanie aj in\u00fdch.<\/p>\n<\/blockquote>\n<h4 style=\"text-align: center;\"><\/h4>\n<p>&nbsp;<\/p>\n<h4 style=\"text-align: center;\">Projektovanie podpern\u00fdch kon\u0161trukci\u00ed technol\u00f3gie a rozvodov<\/h4>\n<blockquote>\n<p style=\"text-align: justify;\">Od roku 2011 sa podie\u013eame na projektovan\u00ed podpern\u00fdch kon\u0161trukci\u00ed pre technologick\u00e9 rozvody v r\u00e1mci dostavby 3. a 4. bloku AE Mochovce, AE Jaslovsk\u00e9 Bohunice. Prioritou je n\u00e1vrh kon\u0161trukci\u00ed na seizmick\u00e9 za\u0165a\u017eovacie \u00fa\u010dinky. Pre r\u00f4zne priemyseln\u00e9 podnikmi sme vypracovali kon\u0161trukcie technologick\u00fdch plo\u0161\u00edn, \u017eeriavov\u00fdch dr\u00e1h, z\u00e1kladov.<\/p>\n<\/blockquote>\n","protected":false},"excerpt":{"rendered":"<p>&nbsp; Brisbane je projektovo-in\u017einierska kancel\u00e1ria. \u0160pecializujeme sa na projektovanie statiky stavieb a podpern\u00fdch kon\u0161trukci\u00ed pre technologick\u00e9 zariadenia a rozvody. Poskytujeme aj in\u017einierske slu\u017eby, poradenstvo ako aj optimaliz\u00e1ciu hotov\u00fdch projektov. &nbsp; Projektovanie priemyseln\u00fdch a ob\u010dianskych stavieb Projektovanie stavieb a ich statika je na\u0161im hlavn\u00fdm zameran\u00edm. Pre na\u0161e realizovan\u00e9 projekty a statick\u00e9&hellip;<\/p>\n<p class=\"more-link-wrapper\"><a class=\"more-link\" href=\"https:\/\/www.brisbane.sk\/?page_id=11\">Continue<\/a><\/p>\n","protected":false},"author":1,"featured_media":0,"parent":0,"menu_order":0,"comment_status":"closed","ping_status":"closed","template":"page-templates\/template-fullwidth.php","meta":{"footnotes":""},"class_list":["post-11","page","type-page","status-publish","hentry"],"_links":{"self":[{"href":"https:\/\/www.brisbane.sk\/index.php?rest_route=\/wp\/v2\/pages\/11","targetHints":{"allow":["GET"]}}],"collection":[{"href":"https:\/\/www.brisbane.sk\/index.php?rest_route=\/wp\/v2\/pages"}],"about":[{"href":"https:\/\/www.brisbane.sk\/index.php?rest_route=\/wp\/v2\/types\/page"}],"author":[{"embeddable":true,"href":"https:\/\/www.brisbane.sk\/index.php?rest_route=\/wp\/v2\/users\/1"}],"replies":[{"embeddable":true,"href":"https:\/\/www.brisbane.sk\/index.php?rest_route=%2Fwp%2Fv2%2Fcomments&post=11"}],"version-history":[{"count":11,"href":"https:\/\/www.brisbane.sk\/index.php?rest_route=\/wp\/v2\/pages\/11\/revisions"}],"predecessor-version":[{"id":575,"href":"https:\/\/www.brisbane.sk\/index.php?rest_route=\/wp\/v2\/pages\/11\/revisions\/575"}],"wp:attachment":[{"href":"https:\/\/www.brisbane.sk\/index.php?rest_route=%2Fwp%2Fv2%2Fmedia&parent=11"}],"curies":[{"name":"wp","href":"https:\/\/api.w.org\/{rel}","templated":true}]}}